{"id":1024,"date":"2024-02-27T14:25:47","date_gmt":"2024-02-27T17:25:47","guid":{"rendered":"https:\/\/contagemsistemas.com\/?page_id=1024"},"modified":"2024-05-22T17:03:10","modified_gmt":"2024-05-22T20:03:10","slug":"pdv-contagem","status":"publish","type":"page","link":"https:\/\/contagemsistemas.com\/?page_id=1024","title":{"rendered":"PDV Contagem"},"content":{"rendered":"\t\t<div data-elementor-type=\"wp-page\" data-elementor-id=\"1024\" class=\"elementor elementor-1024\" data-elementor-post-type=\"page\">\n\t\t\t\t<div class=\"elementor-element elementor-element-d7bf574 e-flex e-con-boxed e-con e-parent\" data-id=\"d7bf574\" data-element_type=\"container\" data-settings=\"{&quot;background_background&quot;:&quot;classic&quot;}\">\n\t\t\t\t\t<div class=\"e-con-inner\">\n\t\t\t\t<div class=\"elementor-element elementor-element-3fdb048 elementor-widget elementor-widget-spacer\" data-id=\"3fdb048\" data-element_type=\"widget\" data-widget_type=\"spacer.default\">\n\t\t\t\t<div class=\"elementor-widget-container\">\n\t\t\t<style>\/*! elementor - v3.22.0 - 17-06-2024 *\/\n.elementor-column .elementor-spacer-inner{height:var(--spacer-size)}.e-con{--container-widget-width:100%}.e-con-inner>.elementor-widget-spacer,.e-con>.elementor-widget-spacer{width:var(--container-widget-width,var(--spacer-size));--align-self:var(--container-widget-align-self,initial);--flex-shrink:0}.e-con-inner>.elementor-widget-spacer>.elementor-widget-container,.e-con>.elementor-widget-spacer>.elementor-widget-container{height:100%;width:100%}.e-con-inner>.elementor-widget-spacer>.elementor-widget-container>.elementor-spacer,.e-con>.elementor-widget-spacer>.elementor-widget-container>.elementor-spacer{height:100%}.e-con-inner>.elementor-widget-spacer>.elementor-widget-container>.elementor-spacer>.elementor-spacer-inner,.e-con>.elementor-widget-spacer>.elementor-widget-container>.elementor-spacer>.elementor-spacer-inner{height:var(--container-widget-height,var(--spacer-size))}.e-con-inner>.elementor-widget-spacer.elementor-widget-empty,.e-con>.elementor-widget-spacer.elementor-widget-empty{position:relative;min-height:22px;min-width:22px}.e-con-inner>.elementor-widget-spacer.elementor-widget-empty .elementor-widget-empty-icon,.e-con>.elementor-widget-spacer.elementor-widget-empty .elementor-widget-empty-icon{position:absolute;top:0;bottom:0;left:0;right:0;margin:auto;padding:0;width:22px;height:22px}<\/style>\t\t<div class=\"elementor-spacer\">\n\t\t\t<div class=\"elementor-spacer-inner\"><\/div>\n\t\t<\/div>\n\t\t\t\t<\/div>\n\t\t\t\t<\/div>\n\t\t\t\t<div class=\"elementor-element elementor-element-7273257 elementor-widget elementor-widget-heading\" data-id=\"7273257\" data-element_type=\"widget\" data-widget_type=\"heading.default\">\n\t\t\t\t<div class=\"elementor-widget-container\">\n\t\t\t<style>\/*! elementor - v3.22.0 - 17-06-2024 *\/\n.elementor-heading-title{padding:0;margin:0;line-height:1}.elementor-widget-heading .elementor-heading-title[class*=elementor-size-]>a{color:inherit;font-size:inherit;line-height:inherit}.elementor-widget-heading .elementor-heading-title.elementor-size-small{font-size:15px}.elementor-widget-heading .elementor-heading-title.elementor-size-medium{font-size:19px}.elementor-widget-heading .elementor-heading-title.elementor-size-large{font-size:29px}.elementor-widget-heading .elementor-heading-title.elementor-size-xl{font-size:39px}.elementor-widget-heading .elementor-heading-title.elementor-size-xxl{font-size:59px}<\/style><h2 class=\"elementor-heading-title elementor-size-default\">Frente de Caixa<\/h2>\t\t<\/div>\n\t\t\t\t<\/div>\n\t\t\t\t<div class=\"elementor-element elementor-element-59bda63 elementor-widget elementor-widget-heading\" data-id=\"59bda63\" data-element_type=\"widget\" data-widget_type=\"heading.default\">\n\t\t\t\t<div class=\"elementor-widget-container\">\n\t\t\t<h2 class=\"elementor-heading-title elementor-size-default\">PDV CONTAGEM<\/h2>\t\t<\/div>\n\t\t\t\t<\/div>\n\t\t\t\t<div class=\"elementor-element elementor-element-177992f elementor-widget elementor-widget-heading\" data-id=\"177992f\" data-element_type=\"widget\" data-widget_type=\"heading.default\">\n\t\t\t\t<div class=\"elementor-widget-container\">\n\t\t\t<h2 class=\"elementor-heading-title elementor-size-default\">O sistema de emiss\u00e3o mais r\u00e1pido e eficiente do mercado!<\/h2>\t\t<\/div>\n\t\t\t\t<\/div>\n\t\t\t\t<div class=\"elementor-element elementor-element-7df1acc elementor-widget elementor-widget-button\" data-id=\"7df1acc\" data-element_type=\"widget\" data-widget_type=\"button.default\">\n\t\t\t\t<div class=\"elementor-widget-container\">\n\t\t\t\t\t<div class=\"elementor-button-wrapper\">\n\t\t\t<a class=\"elementor-button elementor-button-link elementor-size-md\" href=\"https:\/\/api.whatsapp.com\/send?phone=5531999149672&#038;text=Ol%C3%A1%2C%20quero%20o%20sistema%20PDV%20contagem!\">\n\t\t\t\t\t\t<span class=\"elementor-button-content-wrapper\">\n\t\t\t\t\t\t\t\t\t<span class=\"elementor-button-text\">Adiquirir o PDV mais r\u00e1pido do mercado<\/span>\n\t\t\t\t\t<\/span>\n\t\t\t\t\t<\/a>\n\t\t<\/div>\n\t\t\t\t<\/div>\n\t\t\t\t<\/div>\n\t\t\t\t<div class=\"elementor-element elementor-element-f2084aa elementor-widget elementor-widget-spacer\" data-id=\"f2084aa\" data-element_type=\"widget\" data-widget_type=\"spacer.default\">\n\t\t\t\t<div class=\"elementor-widget-container\">\n\t\t\t\t\t<div class=\"elementor-spacer\">\n\t\t\t<div class=\"elementor-spacer-inner\"><\/div>\n\t\t<\/div>\n\t\t\t\t<\/div>\n\t\t\t\t<\/div>\n\t\t\t\t\t<\/div>\n\t\t\t\t<\/div>\n\t\t<div class=\"elementor-element elementor-element-5d8b4ed e-flex e-con-boxed e-con e-parent\" data-id=\"5d8b4ed\" data-element_type=\"container\">\n\t\t\t\t\t<div class=\"e-con-inner\">\n\t\t<div class=\"elementor-element elementor-element-be9e0fe e-con-full e-flex e-con e-child\" data-id=\"be9e0fe\" data-element_type=\"container\">\n\t\t\t\t<div class=\"elementor-element elementor-element-81045c5 elementor-widget elementor-widget-heading\" data-id=\"81045c5\" data-element_type=\"widget\" data-widget_type=\"heading.default\">\n\t\t\t\t<div class=\"elementor-widget-container\">\n\t\t\t<h2 class=\"elementor-heading-title elementor-size-default\">Transforme seu Frente de Caixa com o PDV Contagem<\/h2>\t\t<\/div>\n\t\t\t\t<\/div>\n\t\t\t\t<div class=\"elementor-element elementor-element-2b3c9e7 elementor-widget elementor-widget-heading\" data-id=\"2b3c9e7\" data-element_type=\"widget\" data-widget_type=\"heading.default\">\n\t\t\t\t<div class=\"elementor-widget-container\">\n\t\t\t<h2 class=\"elementor-heading-title elementor-size-default\">Elevando a efici\u00eancia e velocidade no atendimento.<br><br> Unificando todas as opera\u00e7\u00f5es de caixa, este sistema n\u00e3o apenas aprimora o relacionamento com o cliente, mas tamb\u00e9m reduz custos significativamente.<br><br> Al\u00e9m disso, garante conformidade total com as obriga\u00e7\u00f5es fiscais em todos os estados do Brasil. Potencialize seu neg\u00f3cio e alcance novos patamares de sucesso com o PDV Contagem<\/h2>\t\t<\/div>\n\t\t\t\t<\/div>\n\t\t\t\t<\/div>\n\t\t<div class=\"elementor-element elementor-element-f82bae3 e-con-full e-flex e-con e-child\" data-id=\"f82bae3\" data-element_type=\"container\">\n\t\t\t\t<div class=\"elementor-element elementor-element-e376a95 elementor-widget elementor-widget-image\" data-id=\"e376a95\" data-element_type=\"widget\" data-widget_type=\"image.default\">\n\t\t\t\t<div class=\"elementor-widget-container\">\n\t\t\t<style>\/*! elementor - v3.22.0 - 17-06-2024 *\/\n.elementor-widget-image{text-align:center}.elementor-widget-image a{display:inline-block}.elementor-widget-image a img[src$=\".svg\"]{width:48px}.elementor-widget-image img{vertical-align:middle;display:inline-block}<\/style>\t\t\t\t\t\t\t\t\t\t<img fetchpriority=\"high\" decoding=\"async\" width=\"1080\" height=\"1080\" src=\"https:\/\/contagemsistemas.com\/wp-content\/uploads\/2024\/01\/PCCaixaContagemSistemas-1.png\" class=\"attachment-full size-full wp-image-278\" alt=\"\" srcset=\"https:\/\/contagemsistemas.com\/wp-content\/uploads\/2024\/01\/PCCaixaContagemSistemas-1.png 1080w, https:\/\/contagemsistemas.com\/wp-content\/uploads\/2024\/01\/PCCaixaContagemSistemas-1-300x300.png 300w, https:\/\/contagemsistemas.com\/wp-content\/uploads\/2024\/01\/PCCaixaContagemSistemas-1-1024x1024.png 1024w, https:\/\/contagemsistemas.com\/wp-content\/uploads\/2024\/01\/PCCaixaContagemSistemas-1-150x150.png 150w, https:\/\/contagemsistemas.com\/wp-content\/uploads\/2024\/01\/PCCaixaContagemSistemas-1-768x768.png 768w, https:\/\/contagemsistemas.com\/wp-content\/uploads\/2024\/01\/PCCaixaContagemSistemas-1-230x230.png 230w, https:\/\/contagemsistemas.com\/wp-content\/uploads\/2024\/01\/PCCaixaContagemSistemas-1-400x400.png 400w, https:\/\/contagemsistemas.com\/wp-content\/uploads\/2024\/01\/PCCaixaContagemSistemas-1-600x600.png 600w, https:\/\/contagemsistemas.com\/wp-content\/uploads\/2024\/01\/PCCaixaContagemSistemas-1-640x640.png 640w\" sizes=\"(max-width: 1080px) 100vw, 1080px\" \/>\t\t\t\t\t\t\t\t\t\t\t\t\t<\/div>\n\t\t\t\t<\/div>\n\t\t\t\t<\/div>\n\t\t\t\t\t<\/div>\n\t\t\t\t<\/div>\n\t\t\t\t<\/div>\n\t\t","protected":false},"excerpt":{"rendered":"<p>Frente de Caixa PDV CONTAGEM O sistema de emiss\u00e3o mais r\u00e1pido e eficiente do mercado! Adiquirir o PDV mais r\u00e1pido do mercado Transforme seu Frente de Caixa com o PDV Contagem Elevando a efici\u00eancia e velocidade no atendimento. Unificando todas as opera\u00e7\u00f5es de caixa, este sistema n\u00e3o apenas aprimora o relacionamento com o cliente, mas [&hellip;]<\/p>\n","protected":false},"author":1,"featured_media":0,"parent":0,"menu_order":0,"comment_status":"closed","ping_status":"closed","template":"elementor_header_footer","meta":{"footnotes":""},"class_list":["post-1024","page","type-page","status-publish","hentry"],"_links":{"self":[{"href":"https:\/\/contagemsistemas.com\/index.php?rest_route=\/wp\/v2\/pages\/1024","targetHints":{"allow":["GET"]}}],"collection":[{"href":"https:\/\/contagemsistemas.com\/index.php?rest_route=\/wp\/v2\/pages"}],"about":[{"href":"https:\/\/contagemsistemas.com\/index.php?rest_route=\/wp\/v2\/types\/page"}],"author":[{"embeddable":true,"href":"https:\/\/contagemsistemas.com\/index.php?rest_route=\/wp\/v2\/users\/1"}],"replies":[{"embeddable":true,"href":"https:\/\/contagemsistemas.com\/index.php?rest_route=%2Fwp%2Fv2%2Fcomments&post=1024"}],"version-history":[{"count":34,"href":"https:\/\/contagemsistemas.com\/index.php?rest_route=\/wp\/v2\/pages\/1024\/revisions"}],"predecessor-version":[{"id":1781,"href":"https:\/\/contagemsistemas.com\/index.php?rest_route=\/wp\/v2\/pages\/1024\/revisions\/1781"}],"wp:attachment":[{"href":"https:\/\/contagemsistemas.com\/index.php?rest_route=%2Fwp%2Fv2%2Fmedia&parent=1024"}],"curies":[{"name":"wp","href":"https:\/\/api.w.org\/{rel}","templated":true}]}}