{"id":21,"date":"2024-01-19T14:20:30","date_gmt":"2024-01-19T17:20:30","guid":{"rendered":"https:\/\/contagemsistemas.com\/?page_id=21"},"modified":"2024-05-22T17:16:05","modified_gmt":"2024-05-22T20:16:05","slug":"sistemas","status":"publish","type":"page","link":"https:\/\/contagemsistemas.com\/?page_id=21","title":{"rendered":"Sistemas"},"content":{"rendered":"\t\t<div data-elementor-type=\"wp-page\" data-elementor-id=\"21\" class=\"elementor elementor-21\" data-elementor-post-type=\"page\">\n\t\t\t\t<div class=\"elementor-element elementor-element-aae6807 e-flex e-con-boxed e-con e-parent\" data-id=\"aae6807\" data-element_type=\"container\">\n\t\t\t\t\t<div class=\"e-con-inner\">\n\t\t\t\t<div class=\"elementor-element elementor-element-3d9a7d7 elementor-widget elementor-widget-heading\" data-id=\"3d9a7d7\" data-element_type=\"widget\" data-widget_type=\"heading.default\">\n\t\t\t\t<div class=\"elementor-widget-container\">\n\t\t\t<style>\/*! elementor - v3.22.0 - 17-06-2024 *\/\n.elementor-heading-title{padding:0;margin:0;line-height:1}.elementor-widget-heading .elementor-heading-title[class*=elementor-size-]>a{color:inherit;font-size:inherit;line-height:inherit}.elementor-widget-heading .elementor-heading-title.elementor-size-small{font-size:15px}.elementor-widget-heading .elementor-heading-title.elementor-size-medium{font-size:19px}.elementor-widget-heading .elementor-heading-title.elementor-size-large{font-size:29px}.elementor-widget-heading .elementor-heading-title.elementor-size-xl{font-size:39px}.elementor-widget-heading .elementor-heading-title.elementor-size-xxl{font-size:59px}<\/style><h2 class=\"elementor-heading-title elementor-size-default\">Conhe\u00e7a nosso sistemas para empresa!<\/h2>\t\t<\/div>\n\t\t\t\t<\/div>\n\t\t\t\t\t<\/div>\n\t\t\t\t<\/div>\n\t\t<div class=\"elementor-element elementor-element-6a8744c e-flex e-con-boxed e-con e-parent\" data-id=\"6a8744c\" data-element_type=\"container\">\n\t\t\t\t\t<div class=\"e-con-inner\">\n\t\t<div class=\"elementor-element elementor-element-87f126c e-con-full e-flex e-con e-child\" data-id=\"87f126c\" data-element_type=\"container\">\n\t\t\t\t<div class=\"elementor-element elementor-element-2860867 elementor-cta--layout-image-above elementor-cta--skin-classic elementor-animated-content elementor-bg-transform elementor-bg-transform-zoom-in elementor-widget elementor-widget-call-to-action\" data-id=\"2860867\" data-element_type=\"widget\" data-widget_type=\"call-to-action.default\">\n\t\t\t\t<div class=\"elementor-widget-container\">\n\t\t\t<link rel=\"stylesheet\" href=\"https:\/\/contagemsistemas.com\/wp-content\/plugins\/elementor-pro\/assets\/css\/widget-call-to-action.min.css\">\t\t<div class=\"elementor-cta\">\n\t\t\t\t\t<div class=\"elementor-cta__bg-wrapper\">\n\t\t\t\t<div class=\"elementor-cta__bg elementor-bg\" style=\"background-image: url(https:\/\/contagemsistemas.com\/wp-content\/uploads\/2024\/03\/projecimg-2-1600-x-900-px-4.png);\" role=\"img\" aria-label=\"sistema pdv contagem\"><\/div>\n\t\t\t\t<div class=\"elementor-cta__bg-overlay\"><\/div>\n\t\t\t<\/div>\n\t\t\t\t\t\t\t<div class=\"elementor-cta__content\">\n\t\t\t\t\n\t\t\t\t\t\t\t\t\t<h2 class=\"elementor-cta__title elementor-cta__content-item elementor-content-item\">\n\t\t\t\t\t\tPDV Contagem\t\t\t\t\t<\/h2>\n\t\t\t\t\n\t\t\t\t\t\t\t\t\t<div class=\"elementor-cta__description elementor-cta__content-item elementor-content-item\">\n\t\t\t\t\t\tO sistema PDV Contagem \u00e9 a solu\u00e7\u00e3o ideal para otimizar o seu ponto de venda, oferecendo uma integra\u00e7\u00e3o completa das opera\u00e7\u00f5es de caixa. Com uma interface intuitiva e processamento r\u00e1pido, garante um atendimento \u00e1gil e eficaz.\t\t\t\t\t<\/div>\n\t\t\t\t\n\t\t\t\t\t\t\t\t\t<div class=\"elementor-cta__button-wrapper elementor-cta__content-item elementor-content-item \">\n\t\t\t\t\t<a class=\"elementor-cta__button elementor-button elementor-size-sm\" href=\"https:\/\/contagemsistemas.com\/?page_id=1024\">\n\t\t\t\t\t\tSaiba Mais\t\t\t\t\t<\/a>\n\t\t\t\t\t<\/div>\n\t\t\t\t\t\t\t<\/div>\n\t\t\t\t\t\t<\/div>\n\t\t\t\t<\/div>\n\t\t\t\t<\/div>\n\t\t\t\t<\/div>\n\t\t<div class=\"elementor-element elementor-element-fd872c2 e-con-full e-flex e-con e-child\" data-id=\"fd872c2\" data-element_type=\"container\">\n\t\t\t\t<div class=\"elementor-element elementor-element-f3a78f3 elementor-cta--skin-classic elementor-animated-content elementor-bg-transform elementor-bg-transform-zoom-in elementor-widget elementor-widget-call-to-action\" data-id=\"f3a78f3\" data-element_type=\"widget\" data-widget_type=\"call-to-action.default\">\n\t\t\t\t<div class=\"elementor-widget-container\">\n\t\t\t\t\t<div class=\"elementor-cta\">\n\t\t\t\t\t<div class=\"elementor-cta__bg-wrapper\">\n\t\t\t\t<div class=\"elementor-cta__bg elementor-bg\" style=\"background-image: url(https:\/\/contagemsistemas.com\/wp-content\/uploads\/2024\/03\/projecimg-2-1600-x-900-px-3.png);\" role=\"img\" aria-label=\"sistema erp contagem\"><\/div>\n\t\t\t\t<div class=\"elementor-cta__bg-overlay\"><\/div>\n\t\t\t<\/div>\n\t\t\t\t\t\t\t<div class=\"elementor-cta__content\">\n\t\t\t\t\n\t\t\t\t\t\t\t\t\t<h2 class=\"elementor-cta__title elementor-cta__content-item elementor-content-item\">\n\t\t\t\t\t\tERP Contagem\t\t\t\t\t<\/h2>\n\t\t\t\t\n\t\t\t\t\t\t\t\t\t<div class=\"elementor-cta__description elementor-cta__content-item elementor-content-item\">\n\t\t\t\t\t\tO sistema ERP Contagem \u00e9 uma solu\u00e7\u00e3o de gest\u00e3o empresarial projetada para atender \u00e0s necessidades das empresas, \nEle permite a emiss\u00e3o de notas fiscais eletr\u00f4nicas, cadastro de clientes, entrada de notas e mais... \nfacilitando o gerenciamento eficiente de todas as opera\u00e7\u00f5es de neg\u00f3cios.\t\t\t\t\t<\/div>\n\t\t\t\t\n\t\t\t\t\t\t\t\t\t<div class=\"elementor-cta__button-wrapper elementor-cta__content-item elementor-content-item \">\n\t\t\t\t\t<a class=\"elementor-cta__button elementor-button elementor-size-sm\" href=\"https:\/\/contagemsistemas.com\/?page_id=765\">\n\t\t\t\t\t\tSaiba Mais\t\t\t\t\t<\/a>\n\t\t\t\t\t<\/div>\n\t\t\t\t\t\t\t<\/div>\n\t\t\t\t\t\t<\/div>\n\t\t\t\t<\/div>\n\t\t\t\t<\/div>\n\t\t\t\t<\/div>\n\t\t\t\t\t<\/div>\n\t\t\t\t<\/div>\n\t\t\t\t<\/div>\n\t\t","protected":false},"excerpt":{"rendered":"<p>Conhe\u00e7a nosso sistemas para empresa! PDV Contagem O sistema PDV Contagem \u00e9 a solu\u00e7\u00e3o ideal para otimizar o seu ponto de venda, oferecendo uma integra\u00e7\u00e3o completa das opera\u00e7\u00f5es de caixa. Com uma interface intuitiva e processamento r\u00e1pido, garante um atendimento \u00e1gil e eficaz. Saiba Mais ERP Contagem O sistema ERP Contagem \u00e9 uma solu\u00e7\u00e3o de [&hellip;]<\/p>\n","protected":false},"author":1,"featured_media":0,"parent":0,"menu_order":0,"comment_status":"closed","ping_status":"closed","template":"elementor_header_footer","meta":{"footnotes":""},"class_list":["post-21","page","type-page","status-publish","hentry"],"_links":{"self":[{"href":"https:\/\/contagemsistemas.com\/index.php?rest_route=\/wp\/v2\/pages\/21","targetHints":{"allow":["GET"]}}],"collection":[{"href":"https:\/\/contagemsistemas.com\/index.php?rest_route=\/wp\/v2\/pages"}],"about":[{"href":"https:\/\/contagemsistemas.com\/index.php?rest_route=\/wp\/v2\/types\/page"}],"author":[{"embeddable":true,"href":"https:\/\/contagemsistemas.com\/index.php?rest_route=\/wp\/v2\/users\/1"}],"replies":[{"embeddable":true,"href":"https:\/\/contagemsistemas.com\/index.php?rest_route=%2Fwp%2Fv2%2Fcomments&post=21"}],"version-history":[{"count":25,"href":"https:\/\/contagemsistemas.com\/index.php?rest_route=\/wp\/v2\/pages\/21\/revisions"}],"predecessor-version":[{"id":1794,"href":"https:\/\/contagemsistemas.com\/index.php?rest_route=\/wp\/v2\/pages\/21\/revisions\/1794"}],"wp:attachment":[{"href":"https:\/\/contagemsistemas.com\/index.php?rest_route=%2Fwp%2Fv2%2Fmedia&parent=21"}],"curies":[{"name":"wp","href":"https:\/\/api.w.org\/{rel}","templated":true}]}}